{"id":100,"date":"2024-11-06T06:43:41","date_gmt":"2024-11-06T06:43:41","guid":{"rendered":"https:\/\/demo2wpopal.b-cdn.net\/amoja\/?page_id=100"},"modified":"2025-02-27T11:47:48","modified_gmt":"2025-02-27T11:47:48","slug":"contact","status":"publish","type":"page","link":"https:\/\/villa-magdalena.com.hr\/hr\/contact\/","title":{"rendered":"Kontakt"},"content":{"rendered":"<div data-elementor-type=\"wp-page\" data-elementor-id=\"100\" class=\"elementor elementor-100\" data-elementor-post-type=\"page\">\n\t\t\t\t<div class=\"elementor-element elementor-element-720bf7c e-con-full e-flex e-con e-parent\" data-id=\"720bf7c\" data-element_type=\"container\">\n\t\t<div class=\"elementor-element elementor-element-0ba761b e-flex e-con-boxed e-con e-child\" data-id=\"0ba761b\" data-element_type=\"container\">\n\t\t\t\t\t<div class=\"e-con-inner\">\n\t\t\t\t<div class=\"elementor-element elementor-element-dd42e27 elementor-widget elementor-widget-text-editor\" data-id=\"dd42e27\" data-element_type=\"widget\" data-widget_type=\"text-editor.default\">\n\t\t\t\t<div class=\"elementor-widget-container\">\n\t\t\t\t\t\t\t\t\t<p>Popri\u010dajmo!<\/p>\t\t\t\t\t\t\t\t<\/div>\n\t\t\t\t<\/div>\n\t\t\t\t<div class=\"elementor-element elementor-element-53f8949 elementor-widget elementor-widget-heading\" data-id=\"53f8949\" data-element_type=\"widget\" data-widget_type=\"heading.default\">\n\t\t\t\t<div class=\"elementor-widget-container\">\n\t\t\t\t\t<h3 class=\"elementor-heading-title elementor-size-default\">Kontaktirajte nas za detalje<br>oko cijena i dostupnosti.<\/h3>\t\t\t\t<\/div>\n\t\t\t\t<\/div>\n\t\t\t\t\t<\/div>\n\t\t\t\t<\/div>\n\t\t\t\t<\/div>\n\t\t<div class=\"elementor-element elementor-element-03564b8 e-grid e-con-boxed e-con e-parent\" data-id=\"03564b8\" data-element_type=\"container\" data-settings=\"{&quot;background_background&quot;:&quot;classic&quot;}\">\n\t\t\t\t\t<div class=\"e-con-inner\">\n\t\t\t\t<div class=\"elementor-element elementor-element-f526a03 elementor-widget__width-inherit elementor-view-default elementor-position-block-start elementor-mobile-position-block-start elementor-widget elementor-widget-icon-box\" data-id=\"f526a03\" data-element_type=\"widget\" data-widget_type=\"icon-box.default\">\n\t\t\t\t<div class=\"elementor-widget-container\">\n\t\t\t\t\t\t\t<div class=\"elementor-icon-box-wrapper\">\n\n\t\t\t\t\t\t<div class=\"elementor-icon-box-icon\">\n\t\t\t\t<span  class=\"elementor-icon elementor-animation-grow\">\n\t\t\t\t<i aria-hidden=\"true\" class=\"amoja-icon- amoja-icon-location-1\"><\/i>\t\t\t\t<\/span>\n\t\t\t<\/div>\n\t\t\t\n\t\t\t\t\t\t<div class=\"elementor-icon-box-content\">\n\n\t\t\t\t\t\t\t\t\t<h5 class=\"elementor-icon-box-title\">\n\t\t\t\t\t\t<span  >\n\t\t\t\t\t\t\tAdresa\t\t\t\t\t\t<\/span>\n\t\t\t\t\t<\/h5>\n\t\t\t\t\n\t\t\t\t\t\t\t\t\t<p class=\"elementor-icon-box-description\">\n\t\t\t\t\t\t\u0160etali\u0161te Stjepana Radi\u0107a 52<br>21223 Okrug Gornji\t\t\t\t\t<\/p>\n\t\t\t\t\n\t\t\t<\/div>\n\t\t\t\n\t\t<\/div>\n\t\t\t\t\t\t<\/div>\n\t\t\t\t<\/div>\n\t\t\t\t<div class=\"elementor-element elementor-element-0030d93 elementor-widget__width-inherit elementor-view-default elementor-position-block-start elementor-mobile-position-block-start elementor-widget elementor-widget-icon-box\" data-id=\"0030d93\" data-element_type=\"widget\" data-widget_type=\"icon-box.default\">\n\t\t\t\t<div class=\"elementor-widget-container\">\n\t\t\t\t\t\t\t<div class=\"elementor-icon-box-wrapper\">\n\n\t\t\t\t\t\t<div class=\"elementor-icon-box-icon\">\n\t\t\t\t<span  class=\"elementor-icon elementor-animation-grow\">\n\t\t\t\t<i aria-hidden=\"true\" class=\"amoja-icon- amoja-icon-email\"><\/i>\t\t\t\t<\/span>\n\t\t\t<\/div>\n\t\t\t\n\t\t\t\t\t\t<div class=\"elementor-icon-box-content\">\n\n\t\t\t\t\t\t\t\t\t<h5 class=\"elementor-icon-box-title\">\n\t\t\t\t\t\t<span  >\n\t\t\t\t\t\t\tEmail\t\t\t\t\t\t<\/span>\n\t\t\t\t\t<\/h5>\n\t\t\t\t\n\t\t\t\t\t\t\t\t\t<p class=\"elementor-icon-box-description\">\n\t\t\t\t\t\tvilla.magdalena3@gmail.com\t\t\t\t\t<\/p>\n\t\t\t\t\n\t\t\t<\/div>\n\t\t\t\n\t\t<\/div>\n\t\t\t\t\t\t<\/div>\n\t\t\t\t<\/div>\n\t\t\t\t<div class=\"elementor-element elementor-element-0afa14b elementor-widget__width-inherit elementor-view-default elementor-position-block-start elementor-mobile-position-block-start elementor-widget elementor-widget-icon-box\" data-id=\"0afa14b\" data-element_type=\"widget\" data-widget_type=\"icon-box.default\">\n\t\t\t\t<div class=\"elementor-widget-container\">\n\t\t\t\t\t\t\t<div class=\"elementor-icon-box-wrapper\">\n\n\t\t\t\t\t\t<div class=\"elementor-icon-box-icon\">\n\t\t\t\t<span  class=\"elementor-icon elementor-animation-grow\">\n\t\t\t\t<i aria-hidden=\"true\" class=\"amoja-icon- amoja-icon-telephone\"><\/i>\t\t\t\t<\/span>\n\t\t\t<\/div>\n\t\t\t\n\t\t\t\t\t\t<div class=\"elementor-icon-box-content\">\n\n\t\t\t\t\t\t\t\t\t<h5 class=\"elementor-icon-box-title\">\n\t\t\t\t\t\t<span  >\n\t\t\t\t\t\t\tWhatsapp\t\t\t\t\t\t<\/span>\n\t\t\t\t\t<\/h5>\n\t\t\t\t\n\t\t\t\t\t\t\t\t\t<p class=\"elementor-icon-box-description\">\n\t\t\t\t\t\t+385 99 403 3958\t\t\t\t\t<\/p>\n\t\t\t\t\n\t\t\t<\/div>\n\t\t\t\n\t\t<\/div>\n\t\t\t\t\t\t<\/div>\n\t\t\t\t<\/div>\n\t\t\t\t\t<\/div>\n\t\t\t\t<\/div>\n\t\t<div class=\"elementor-element elementor-element-4d02e55 e-flex e-con-boxed e-con e-parent\" data-id=\"4d02e55\" data-element_type=\"container\" data-settings=\"{&quot;background_background&quot;:&quot;classic&quot;}\">\n\t\t\t\t\t<div class=\"e-con-inner\">\n\t\t\t\t<div class=\"elementor-element elementor-element-c7a8588 elementor-widget elementor-widget-heading\" data-id=\"c7a8588\" data-element_type=\"widget\" data-widget_type=\"heading.default\">\n\t\t\t\t<div class=\"elementor-widget-container\">\n\t\t\t\t\t<h2 class=\"elementor-heading-title elementor-size-default\">Rezervirajte smje\u0161taj.<\/h2>\t\t\t\t<\/div>\n\t\t\t\t<\/div>\n\t\t\t\t<div class=\"elementor-element elementor-element-4ad73dd elementor-widget elementor-widget-text-editor\" data-id=\"4ad73dd\" data-element_type=\"widget\" data-widget_type=\"text-editor.default\">\n\t\t\t\t<div class=\"elementor-widget-container\">\n\t\t\t\t\t\t\t\t\t<p>Tu smo da odgovorimo na sva pitanja i omgu\u0107imo vam bezbri\u017ean odmor.<\/p>\t\t\t\t\t\t\t\t<\/div>\n\t\t\t\t<\/div>\n\t\t\t\t<div class=\"elementor-element elementor-element-c8cb288 elementor-widget elementor-widget-amoja-contactform\" data-id=\"c8cb288\" data-element_type=\"widget\" data-widget_type=\"amoja-contactform.default\">\n\t\t\t\t<div class=\"elementor-widget-container\">\n\t\t\t\t\t\n<div class=\"wpcf7 no-js\" id=\"wpcf7-f6344-o1\" lang=\"en-US\" dir=\"ltr\" data-wpcf7-id=\"6344\">\n<div class=\"screen-reader-response\"><p role=\"status\" aria-live=\"polite\" aria-atomic=\"true\"><\/p> <ul><\/ul><\/div>\n<form action=\"\/hr\/wp-json\/wp\/v2\/pages\/100#wpcf7-f6344-o1\" method=\"post\" class=\"wpcf7-form init\" aria-label=\"Contact form\" novalidate=\"novalidate\" data-status=\"init\" data-trp-original-action=\"\/hr\/wp-json\/wp\/v2\/pages\/100#wpcf7-f6344-o1\">\n<fieldset class=\"hidden-fields-container\"><input type=\"hidden\" name=\"_wpcf7\" value=\"6344\" \/><input type=\"hidden\" name=\"_wpcf7_version\" value=\"6.1.4\" \/><input type=\"hidden\" name=\"_wpcf7_locale\" value=\"en_US\" \/><input type=\"hidden\" name=\"_wpcf7_unit_tag\" value=\"wpcf7-f6344-o1\" \/><input type=\"hidden\" name=\"_wpcf7_container_post\" value=\"0\" \/><input type=\"hidden\" name=\"_wpcf7_posted_data_hash\" value=\"\" \/>\n<\/fieldset>\n<div class=\"wpcf7-form\">\n\t<p><span class=\"wpcf7-form-control-wrap\" data-name=\"your-message\"><textarea cols=\"40\" rows=\"3\" maxlength=\"2000\" class=\"wpcf7-form-control wpcf7-textarea\" aria-invalid=\"false\" placeholder=\"Sadr\u017eaj upita\" name=\"your-message\"><\/textarea><\/span>\n\t<\/p>\n\t<div class=\"row\">\n\t\t<div class=\"column-flex-50\">\n\t\t\t<p><span class=\"wpcf7-form-control-wrap\" data-name=\"your-name\"><input size=\"40\" maxlength=\"400\" class=\"wpcf7-form-control wpcf7-text wpcf7-validates-as-required\" aria-required=\"true\" aria-invalid=\"false\" placeholder=\"Va\u0161e ime\" value=\"\" type=\"text\" name=\"your-name\" \/><\/span>\n\t\t\t<\/p>\n\t\t<\/div>\n\t\t<div class=\"column-flex-50\">\n\t\t\t<p><span class=\"wpcf7-form-control-wrap\" data-name=\"your-email\"><input size=\"40\" maxlength=\"400\" class=\"wpcf7-form-control wpcf7-email wpcf7-validates-as-required wpcf7-text wpcf7-validates-as-email\" aria-required=\"true\" aria-invalid=\"false\" placeholder=\"Va\u0161 email\" value=\"\" type=\"email\" name=\"your-email\" \/><\/span>\n\t\t\t<\/p>\n\t\t<\/div>\n\t<\/div>\n\t<p><div class=\"cf7-cf-turnstile\" style=\"margin-top: 0px; margin-bottom: -15px;\"> <div id=\"cf-turnstile-cf7-2020424371\" class=\"cf-turnstile\" data-sitekey=\"0x4AAAAAAA_wY22ByOIgedz2\" data-theme=\"light\" data-language=\"auto\" data-size=\"normal\" data-retry=\"auto\" data-retry-interval=\"1000\" data-action=\"contact-form-7\" data-appearance=\"always\"><\/div> <script>document.addEventListener(\"DOMContentLoaded\", function() { setTimeout(function(){ var e=document.getElementById(\"cf-turnstile-cf7-2020424371\"); e&&!e.innerHTML.trim()&&(turnstile.remove(\"#cf-turnstile-cf7-2020424371\"), turnstile.render(\"#cf-turnstile-cf7-2020424371\", {sitekey:\"0x4AAAAAAA_wY22ByOIgedz2\"})); }, 0); });<\/script> <br class=\"cf-turnstile-br cf-turnstile-br-cf7-2020424371\"> <style>#cf-turnstile-cf7-2020424371 { margin-left: -15px; }<\/style> <script>document.addEventListener(\"DOMContentLoaded\",function(){document.querySelectorAll('.wpcf7-form').forEach(function(e){e.addEventListener('submit',function(){if(document.getElementById('cf-turnstile-cf7-2020424371')){setTimeout(function(){turnstile.reset('#cf-turnstile-cf7-2020424371');},1000)}})})});<\/script> <\/div>\n\t<\/p>\n\t<div class=\"wpcf7-button elementor-button-default elementor-widget-button\">\n\t\t<p><button type=\"submit\" class=\"elementor-button\"><span class=\"elementor-button-content-wrapper\"><span class=\"elementor-button-text\">slanje<\/span><span class=\"elementor-button-icon\"><i class=\"amoja-icon-arrow-right\"><\/i><\/span><\/span><\/button>\n\t\t<\/p>\n\t<\/div>\n<\/div><div class=\"wpcf7-response-output\" aria-hidden=\"true\"><\/div>\n<input type=\"hidden\" name=\"trp-form-language\" value=\"hr\"\/><\/form>\n<\/div>\n\t\t\t\t<\/div>\n\t\t\t\t<\/div>\n\t\t\t\t\t<\/div>\n\t\t\t\t<\/div>\n\t\t<div class=\"elementor-element elementor-element-c193354 e-flex e-con-boxed e-con e-parent\" data-id=\"c193354\" data-element_type=\"container\">\n\t\t\t\t\t<div class=\"e-con-inner\">\n\t\t\t\t<div class=\"elementor-element elementor-element-7afe81b elementor-widget elementor-widget-google_maps\" data-id=\"7afe81b\" data-element_type=\"widget\" data-widget_type=\"google_maps.default\">\n\t\t\t\t<div class=\"elementor-widget-container\">\n\t\t\t\t\t\t\t<div class=\"elementor-custom-embed\">\n\t\t\t<iframe loading=\"lazy\"\n\t\t\t\t\tsrc=\"https:\/\/www.google.com\/maps\/embed\/v1\/place?key=AIzaSyAFM6b9Hz0tPFYjKeDnMoyziYnVtBkkWLg&#038;q=%C5%A0etali%C5%A1te%20Stjepana%20Radi%C4%87a%2052%2C%2021223%20Okrug%20Gornji&#038;zoom=12\"\n\t\t\t\t\ttitle=\"\u0160etali\u0161te Stjepana Radi\u0107a 52, 21223 Okrug Gornji\"\n\t\t\t\t\taria-label=\"\u0160etali\u0161te Stjepana Radi\u0107a 52, 21223 Okrug Gornji\"\n\t\t\t><\/iframe>\n\t\t<\/div>\n\t\t\t\t\t\t<\/div>\n\t\t\t\t<\/div>\n\t\t\t\t\t<\/div>\n\t\t\t\t<\/div>\n\t\t\t\t<\/div>","protected":false},"excerpt":{"rendered":"<p>Let&#8217;s get in touch Contact us for detailson pricing and availability. Address \u0160etali\u0161te Stjepana Radi\u0107a 5221223 Okrug Gornji Email villa.magdalena3@gmail.com Whatsapp +385 99 403 3958 Book your stay. We&#8217;re here to answer any questions and help you enjoy a carefree vacation. Your Message submit<\/p>","protected":false},"author":1,"featured_media":0,"parent":0,"menu_order":0,"comment_status":"closed","ping_status":"closed","template":"","meta":{"inline_featured_image":false,"footnotes":""},"class_list":["post-100","page","type-page","status-publish","hentry"],"yoast_head":"<!-- This site is optimized with the Yoast SEO plugin v26.6 - https:\/\/yoast.com\/wordpress\/plugins\/seo\/ -->\n<title>Contact - Villa Magdalena<\/title>\n<meta name=\"robots\" content=\"index, follow, max-snippet:-1, max-image-preview:large, max-video-preview:-1\" \/>\n<link rel=\"canonical\" href=\"https:\/\/villa-magdalena.com.hr\/hr\/contact\/\" \/>\n<meta property=\"og:locale\" content=\"hr_HR\" \/>\n<meta property=\"og:type\" content=\"article\" \/>\n<meta property=\"og:title\" content=\"Contact - Villa Magdalena\" \/>\n<meta property=\"og:description\" content=\"Let&#8217;s get in touch Contact us for detailson pricing and availability. Address \u0160etali\u0161te Stjepana Radi\u0107a 5221223 Okrug Gornji Email villa.magdalena3@gmail.com Whatsapp +385 99 403 3958 Book your stay. We&#8217;re here to answer any questions and help you enjoy a carefree vacation. Your Message submit\" \/>\n<meta property=\"og:url\" content=\"https:\/\/villa-magdalena.com.hr\/hr\/contact\/\" \/>\n<meta property=\"og:site_name\" content=\"Villa Magdalena\" \/>\n<meta property=\"article:modified_time\" content=\"2025-02-27T11:47:48+00:00\" \/>\n<meta name=\"twitter:card\" content=\"summary_large_image\" \/>\n<script type=\"application\/ld+json\" class=\"yoast-schema-graph\">{\"@context\":\"https:\/\/schema.org\",\"@graph\":[{\"@type\":\"WebPage\",\"@id\":\"https:\/\/villa-magdalena.com.hr\/en\/contact\/\",\"url\":\"https:\/\/villa-magdalena.com.hr\/en\/contact\/\",\"name\":\"Contact - Villa Magdalena\",\"isPartOf\":{\"@id\":\"https:\/\/villa-magdalena.com.hr\/en\/#website\"},\"datePublished\":\"2024-11-06T06:43:41+00:00\",\"dateModified\":\"2025-02-27T11:47:48+00:00\",\"breadcrumb\":{\"@id\":\"https:\/\/villa-magdalena.com.hr\/en\/contact\/#breadcrumb\"},\"inLanguage\":\"hr\",\"potentialAction\":[{\"@type\":\"ReadAction\",\"target\":[\"https:\/\/villa-magdalena.com.hr\/en\/contact\/\"]}]},{\"@type\":\"BreadcrumbList\",\"@id\":\"https:\/\/villa-magdalena.com.hr\/en\/contact\/#breadcrumb\",\"itemListElement\":[{\"@type\":\"ListItem\",\"position\":1,\"name\":\"Home\",\"item\":\"https:\/\/villa-magdalena.com.hr\/\"},{\"@type\":\"ListItem\",\"position\":2,\"name\":\"Contact\"}]},{\"@type\":\"WebSite\",\"@id\":\"https:\/\/villa-magdalena.com.hr\/en\/#website\",\"url\":\"https:\/\/villa-magdalena.com.hr\/en\/\",\"name\":\"Villa Magdalena\",\"description\":\"An oasis of peace and wellness\",\"publisher\":{\"@id\":\"https:\/\/villa-magdalena.com.hr\/en\/#organization\"},\"potentialAction\":[{\"@type\":\"SearchAction\",\"target\":{\"@type\":\"EntryPoint\",\"urlTemplate\":\"https:\/\/villa-magdalena.com.hr\/en\/?s={search_term_string}\"},\"query-input\":{\"@type\":\"PropertyValueSpecification\",\"valueRequired\":true,\"valueName\":\"search_term_string\"}}],\"inLanguage\":\"hr\"},{\"@type\":\"Organization\",\"@id\":\"https:\/\/villa-magdalena.com.hr\/en\/#organization\",\"name\":\"Villa Magdalena\",\"url\":\"https:\/\/villa-magdalena.com.hr\/en\/\",\"logo\":{\"@type\":\"ImageObject\",\"inLanguage\":\"hr\",\"@id\":\"https:\/\/villa-magdalena.com.hr\/en\/#\/schema\/logo\/image\/\",\"url\":\"https:\/\/villa-magdalena.com.hr\/wp-content\/uploads\/villa-magdalena-logo-tamni.webp\",\"contentUrl\":\"https:\/\/villa-magdalena.com.hr\/wp-content\/uploads\/villa-magdalena-logo-tamni.webp\",\"width\":500,\"height\":230,\"caption\":\"Villa Magdalena\"},\"image\":{\"@id\":\"https:\/\/villa-magdalena.com.hr\/en\/#\/schema\/logo\/image\/\"}}]}<\/script>\n<!-- \/ Yoast SEO plugin. -->","yoast_head_json":{"title":"Contact - Villa Magdalena","robots":{"index":"index","follow":"follow","max-snippet":"max-snippet:-1","max-image-preview":"max-image-preview:large","max-video-preview":"max-video-preview:-1"},"canonical":"https:\/\/villa-magdalena.com.hr\/hr\/contact\/","og_locale":"hr_HR","og_type":"article","og_title":"Contact - Villa Magdalena","og_description":"Let&#8217;s get in touch Contact us for detailson pricing and availability. Address \u0160etali\u0161te Stjepana Radi\u0107a 5221223 Okrug Gornji Email villa.magdalena3@gmail.com Whatsapp +385 99 403 3958 Book your stay. We&#8217;re here to answer any questions and help you enjoy a carefree vacation. Your Message submit","og_url":"https:\/\/villa-magdalena.com.hr\/hr\/contact\/","og_site_name":"Villa Magdalena","article_modified_time":"2025-02-27T11:47:48+00:00","twitter_card":"summary_large_image","schema":{"@context":"https:\/\/schema.org","@graph":[{"@type":"WebPage","@id":"https:\/\/villa-magdalena.com.hr\/en\/contact\/","url":"https:\/\/villa-magdalena.com.hr\/en\/contact\/","name":"Contact - Villa Magdalena","isPartOf":{"@id":"https:\/\/villa-magdalena.com.hr\/en\/#website"},"datePublished":"2024-11-06T06:43:41+00:00","dateModified":"2025-02-27T11:47:48+00:00","breadcrumb":{"@id":"https:\/\/villa-magdalena.com.hr\/en\/contact\/#breadcrumb"},"inLanguage":"hr","potentialAction":[{"@type":"ReadAction","target":["https:\/\/villa-magdalena.com.hr\/en\/contact\/"]}]},{"@type":"BreadcrumbList","@id":"https:\/\/villa-magdalena.com.hr\/en\/contact\/#breadcrumb","itemListElement":[{"@type":"ListItem","position":1,"name":"Home","item":"https:\/\/villa-magdalena.com.hr\/"},{"@type":"ListItem","position":2,"name":"Contact"}]},{"@type":"WebSite","@id":"https:\/\/villa-magdalena.com.hr\/en\/#website","url":"https:\/\/villa-magdalena.com.hr\/en\/","name":"Villa Magdalena","description":"Va\u0161a oaza mira i wellness-a.","publisher":{"@id":"https:\/\/villa-magdalena.com.hr\/en\/#organization"},"potentialAction":[{"@type":"SearchAction","target":{"@type":"EntryPoint","urlTemplate":"https:\/\/villa-magdalena.com.hr\/en\/?s={search_term_string}"},"query-input":{"@type":"PropertyValueSpecification","valueRequired":true,"valueName":"search_term_string"}}],"inLanguage":"hr"},{"@type":"Organization","@id":"https:\/\/villa-magdalena.com.hr\/en\/#organization","name":"Villa Magdalena","url":"https:\/\/villa-magdalena.com.hr\/en\/","logo":{"@type":"ImageObject","inLanguage":"hr","@id":"https:\/\/villa-magdalena.com.hr\/en\/#\/schema\/logo\/image\/","url":"https:\/\/villa-magdalena.com.hr\/wp-content\/uploads\/villa-magdalena-logo-tamni.webp","contentUrl":"https:\/\/villa-magdalena.com.hr\/wp-content\/uploads\/villa-magdalena-logo-tamni.webp","width":500,"height":230,"caption":"Villa Magdalena"},"image":{"@id":"https:\/\/villa-magdalena.com.hr\/en\/#\/schema\/logo\/image\/"}}]}},"_links":{"self":[{"href":"https:\/\/villa-magdalena.com.hr\/hr\/wp-json\/wp\/v2\/pages\/100","targetHints":{"allow":["GET"]}}],"collection":[{"href":"https:\/\/villa-magdalena.com.hr\/hr\/wp-json\/wp\/v2\/pages"}],"about":[{"href":"https:\/\/villa-magdalena.com.hr\/hr\/wp-json\/wp\/v2\/types\/page"}],"author":[{"embeddable":true,"href":"https:\/\/villa-magdalena.com.hr\/hr\/wp-json\/wp\/v2\/users\/1"}],"replies":[{"embeddable":true,"href":"https:\/\/villa-magdalena.com.hr\/hr\/wp-json\/wp\/v2\/comments?post=100"}],"version-history":[{"count":0,"href":"https:\/\/villa-magdalena.com.hr\/hr\/wp-json\/wp\/v2\/pages\/100\/revisions"}],"wp:attachment":[{"href":"https:\/\/villa-magdalena.com.hr\/hr\/wp-json\/wp\/v2\/media?parent=100"}],"curies":[{"name":"wp","href":"https:\/\/api.w.org\/{rel}","templated":true}]}}